{"id":599,"date":"2017-07-21T15:14:42","date_gmt":"2017-07-21T15:14:42","guid":{"rendered":"http:\/\/martinastoesselfrance.net\/Musica\/?page_id=599"},"modified":"2018-03-06T20:49:34","modified_gmt":"2018-03-06T20:49:34","slug":"prestations-en-2017","status":"publish","type":"page","link":"https:\/\/martinastoesselfrance.net\/Musica\/?page_id=599","title":{"rendered":"Prestations en 2017"},"content":{"rendered":"<p><strong>2017 :<\/strong><\/p>\n<p><\/br> <\/br> <u>TINI STOESSEL. Stand Fiat. 8\u00ba Sal\u00f3n del Automovil de Buenos Aires 2017<\/u><br \/>\n<center> <iframe loading=\"lazy\" width=\"350\" height=\"197\" src=\"https:\/\/www.youtube.com\/embed\/U0lb_HfQIBY\" frameborder=\"0\" allowfullscreen><\/iframe> <\/center><\/p>\n<p><\/br> <u>Tini Stoessel y Sebasti\u00e1n Yatra &#8211; Susana Gim\u00e9nez<\/u><br \/>\n<center> <iframe loading=\"lazy\" width=\"350\" height=\"197\" src=\"https:\/\/www.youtube.com\/embed\/9LnCwWYbbVY\" frameborder=\"0\" allowfullscreen><\/iframe> <\/center><\/p>\n<p><\/br> <u>David Bisbal y Tini Stoessel TODO ES POSIBLE En Vivo en el Teatro Real Madrid<\/u><br \/>\n<center> <iframe loading=\"lazy\" width=\"350\" height=\"197\" src=\"https:\/\/www.youtube.com\/embed\/8lW89YEEyJY?ecver=1\" frameborder=\"0\" allowfullscreen><\/iframe> <\/center><\/p>\n<p><\/br> <u>TINI &#8211; Ya No Hay Nadie Que Nos Pare (\u00ab\u00a0Soy Luna\u00a0\u00bb Momento Musical)<\/u><br \/>\n<center> <iframe loading=\"lazy\" width=\"350\" height=\"197\" src=\"https:\/\/www.youtube.com\/embed\/jg2m7BO5AX0?ecver=1\" frameborder=\"0\" allowfullscreen><\/iframe> <\/center><\/p>\n<p><\/br> <u>The Vamps &#038; Tini \u00e0 Sao Paulo &#038; Buenos Aires &#8211; It&rsquo;s A Lie<\/u><br \/>\n<center> <iframe loading=\"lazy\" width=\"350\" height=\"197\" src=\"https:\/\/www.youtube.com\/embed\/lIJR6b2_wIQ?ecver=1\" frameborder=\"0\" allowfullscreen><\/iframe> <iframe loading=\"lazy\" width=\"350\" height=\"197\" src=\"https:\/\/www.youtube.com\/embed\/AiGDFMTI_1Q?ecver=1\" frameborder=\"0\" allowfullscreen><\/iframe> <\/center><\/p>\n<p><\/br> <u>The Vamps &#038; Tini sur Telefe &#8211; It&rsquo;s A Lie<\/u><br \/>\n<center> <iframe loading=\"lazy\" width=\"350\" height=\"197\" src=\"https:\/\/www.youtube.com\/embed\/7rgxwz7i3js\" frameborder=\"0\" allow=\"autoplay; encrypted-media\" allowfullscreen><\/iframe> <\/center><\/p>\n<p><\/br> <u>India et Tini Buenos Aires &#8211; Me Olvid\u00e9 Respirar<\/u><br \/>\n<center> <iframe loading=\"lazy\" width=\"350\" height=\"197\" src=\"https:\/\/www.youtube.com\/embed\/dtx1w0k_NC8?ecver=1\" frameborder=\"0\" allowfullscreen><\/iframe> <\/center><\/p>\n<p><\/br> <u>Tini et Manuel Carrasco<\/u><br \/>\n<center> <iframe loading=\"lazy\" width=\"350\" height=\"197\" src=\"https:\/\/www.youtube.com\/embed\/Fyc6iT6m3lM\" frameborder=\"0\" allow=\"autoplay; encrypted-media\" allowfullscreen><\/iframe> <\/center><\/p>\n<p><\/br> <u>Tini dans Cronica TV<\/u><br \/>\n<center><iframe loading=\"lazy\" width=\"350\" height=\"197\" src=\"https:\/\/www.youtube.com\/embed\/jJC8fxT1TnQ\" frameborder=\"0\" allow=\"autoplay; encrypted-media\" allowfullscreen><\/iframe> <iframe loading=\"lazy\" width=\"350\" height=\"197\" src=\"https:\/\/www.youtube.com\/embed\/LtXrK3gjPrI\" frameborder=\"0\" allow=\"autoplay; encrypted-media\" allowfullscreen><\/iframe> <iframe loading=\"lazy\" width=\"350\" height=\"197\" src=\"https:\/\/www.youtube.com\/embed\/LH_bvPkNHeI\" frameborder=\"0\" allow=\"autoplay; encrypted-media\" allowfullscreen><\/iframe> <iframe loading=\"lazy\" width=\"350\" height=\"197\" src=\"https:\/\/www.youtube.com\/embed\/Av8jUwACJQU\" frameborder=\"0\" allow=\"autoplay; encrypted-media\" allowfullscreen><\/iframe> <iframe loading=\"lazy\" width=\"350\" height=\"197\" src=\"https:\/\/www.youtube.com\/embed\/n_WLVj8oqdo\" frameborder=\"0\" allow=\"autoplay; encrypted-media\" allowfullscreen><\/iframe><\/center><\/p>\n<p><\/br> <u>Tini sur ESPN<\/u><br \/>\n<center> <iframe loading=\"lazy\" width=\"350\" height=\"197\" src=\"https:\/\/www.youtube.com\/embed\/0CLhvhqDDrU\" frameborder=\"0\" allow=\"autoplay; encrypted-media\" allowfullscreen><\/iframe> <iframe loading=\"lazy\" width=\"350\" height=\"197\" src=\"https:\/\/www.youtube.com\/embed\/OFDXyut_GM4\" frameborder=\"0\" allow=\"autoplay; encrypted-media\" allowfullscreen><\/iframe><\/center><\/p>\n<p><\/br> <u>Tini dans Morfi Tele<\/u><br \/>\n<center> <iframe loading=\"lazy\" width=\"350\" height=\"197\" src=\"https:\/\/www.youtube.com\/embed\/-LSIDriAtec\" frameborder=\"0\" allow=\"autoplay; encrypted-media\" allowfullscreen><\/iframe> <iframe loading=\"lazy\" width=\"350\" height=\"197\" src=\"https:\/\/www.youtube.com\/embed\/b0CgXWYuV2w\" frameborder=\"0\" allow=\"autoplay; encrypted-media\" allowfullscreen><\/iframe> <iframe loading=\"lazy\" width=\"350\" height=\"197\" src=\"https:\/\/www.youtube.com\/embed\/vZuXtuNgbM4\" frameborder=\"0\" allow=\"autoplay; encrypted-media\" allowfullscreen><\/iframe><\/center><\/p>\n<p><\/br> <u>Tini \u00e0 Caseros et au Tango Porteno<\/u><br \/>\n<center><iframe loading=\"lazy\" width=\"350\" height=\"197\" src=\"https:\/\/www.youtube.com\/embed\/IsogsWNpO9k\" frameborder=\"0\" allow=\"autoplay; encrypted-media\" allowfullscreen><\/iframe> <iframe loading=\"lazy\" width=\"350\" height=\"197\" src=\"https:\/\/www.youtube.com\/embed\/Bhw_hzoo_2w\" frameborder=\"0\" allow=\"autoplay; encrypted-media\" allowfullscreen><\/iframe><\/center><\/p>\n<p><\/br> <u>Tini et Sebastian<\/u><br \/>\n<center> <iframe loading=\"lazy\" width=\"350\" height=\"197\" src=\"https:\/\/www.youtube.com\/embed\/5QZyIut_TRU\" frameborder=\"0\" allow=\"autoplay; encrypted-media\" allowfullscreen><\/iframe> <iframe loading=\"lazy\" width=\"350\" height=\"197\" src=\"https:\/\/www.youtube.com\/embed\/lDqhgm098aY\" frameborder=\"0\" allow=\"autoplay; encrypted-media\" allowfullscreen><\/iframe><\/center><\/p>\n<p><\/br> <u>Tini et David<\/u><br \/>\n<center> <iframe loading=\"lazy\" width=\"350\" height=\"197\" src=\"https:\/\/www.youtube.com\/embed\/7XFofAD37_A\" frameborder=\"0\" allow=\"autoplay; encrypted-media\" allowfullscreen><\/iframe> <\/center><\/p>\n<p><\/br> <u>Tini dans Las Estrellas<\/u><br \/>\n<center> <iframe loading=\"lazy\" width=\"350\" height=\"197\" src=\"https:\/\/www.youtube.com\/embed\/OL_kVdF4RB8\" frameborder=\"0\" allow=\"autoplay; encrypted-media\" allowfullscreen><\/iframe><\/center><\/p>\n<p><\/br> <u>Tini \u00e0 La Plata<\/u><br \/>\n<center> <iframe loading=\"lazy\" width=\"350\" height=\"197\" src=\"https:\/\/www.youtube.com\/embed\/otcw6xLcszI\" frameborder=\"0\" allow=\"autoplay; encrypted-media\" allowfullscreen><\/iframe> <iframe loading=\"lazy\" width=\"350\" height=\"197\" src=\"https:\/\/www.youtube.com\/embed\/QsIXGeDgfwM\" frameborder=\"0\" allow=\"autoplay; encrypted-media\" allowfullscreen><\/iframe> <iframe loading=\"lazy\" width=\"350\" height=\"197\" src=\"https:\/\/www.youtube.com\/embed\/FNXaOjqsJn4\" frameborder=\"0\" allow=\"autoplay; encrypted-media\" allowfullscreen><\/iframe> <iframe loading=\"lazy\" width=\"350\" height=\"197\" src=\"https:\/\/www.youtube.com\/embed\/OuRhHl3wrjc\" frameborder=\"0\" allow=\"autoplay; encrypted-media\" allowfullscreen><\/iframe> <iframe loading=\"lazy\" width=\"350\" height=\"197\" src=\"https:\/\/www.youtube.com\/embed\/6UDxRH69rUk\" frameborder=\"0\" allow=\"autoplay; encrypted-media\" allowfullscreen><\/iframe><\/center><\/p>\n","protected":false},"excerpt":{"rendered":"<p>2017 : TINI STOESSEL. Stand Fiat. 8\u00ba Sal\u00f3n del Automovil de Buenos Aires 2017 Tini Stoessel y Sebasti\u00e1n Yatra &#8211; Susana Gim\u00e9nez David Bisbal y Tini Stoessel TODO ES POSIBLE En Vivo en el Teatro Real Madrid TINI &#8211; Ya No Hay Nadie Que Nos Pare (\u00ab\u00a0Soy Luna\u00a0\u00bb Momento Musical) The Vamps &#038; Tini \u00e0 [&hellip;]<\/p>\n","protected":false},"author":1,"featured_media":0,"parent":0,"menu_order":0,"comment_status":"closed","ping_status":"closed","template":"","meta":{"footnotes":""},"class_list":["post-599","page","type-page","status-publish","hentry"],"_links":{"self":[{"href":"https:\/\/martinastoesselfrance.net\/Musica\/index.php?rest_route=\/wp\/v2\/pages\/599","targetHints":{"allow":["GET"]}}],"collection":[{"href":"https:\/\/martinastoesselfrance.net\/Musica\/index.php?rest_route=\/wp\/v2\/pages"}],"about":[{"href":"https:\/\/martinastoesselfrance.net\/Musica\/index.php?rest_route=\/wp\/v2\/types\/page"}],"author":[{"embeddable":true,"href":"https:\/\/martinastoesselfrance.net\/Musica\/index.php?rest_route=\/wp\/v2\/users\/1"}],"replies":[{"embeddable":true,"href":"https:\/\/martinastoesselfrance.net\/Musica\/index.php?rest_route=%2Fwp%2Fv2%2Fcomments&post=599"}],"version-history":[{"count":10,"href":"https:\/\/martinastoesselfrance.net\/Musica\/index.php?rest_route=\/wp\/v2\/pages\/599\/revisions"}],"predecessor-version":[{"id":641,"href":"https:\/\/martinastoesselfrance.net\/Musica\/index.php?rest_route=\/wp\/v2\/pages\/599\/revisions\/641"}],"wp:attachment":[{"href":"https:\/\/martinastoesselfrance.net\/Musica\/index.php?rest_route=%2Fwp%2Fv2%2Fmedia&parent=599"}],"curies":[{"name":"wp","href":"https:\/\/api.w.org\/{rel}","templated":true}]}}